{"id":31,"date":"2020-04-13T11:18:52","date_gmt":"2020-04-13T11:18:52","guid":{"rendered":"https:\/\/vmaziarczyk.pl\/?page_id=31"},"modified":"2024-03-11T11:09:55","modified_gmt":"2024-03-11T11:09:55","slug":"about","status":"publish","type":"page","link":"https:\/\/vmaziarczyk.pl\/?page_id=31","title":{"rendered":"O Mnie"},"content":{"rendered":"\t\t<div data-elementor-type=\"wp-page\" data-elementor-id=\"31\" class=\"elementor elementor-31\">\n\t\t\t\t\t\t<section class=\"elementor-section elementor-top-section elementor-element elementor-element-5131a13e elementor-section-boxed elementor-section-height-default elementor-section-height-default\" data-id=\"5131a13e\" data-element_type=\"section\" data-settings=\"{&quot;background_background&quot;:&quot;classic&quot;}\">\n\t\t\t\t\t\t\t<div class=\"elementor-background-overlay\"><\/div>\n\t\t\t\t\t\t\t<div class=\"elementor-container elementor-column-gap-default\">\n\t\t\t\t\t<div class=\"elementor-column elementor-col-100 elementor-top-column elementor-element elementor-element-64374dd\" data-id=\"64374dd\" data-element_type=\"column\">\n\t\t\t<div class=\"elementor-widget-wrap elementor-element-populated\">\n\t\t\t\t\t\t<div class=\"elementor-element elementor-element-13450a5 elementor-widget elementor-widget-heading\" data-id=\"13450a5\" data-element_type=\"widget\" data-widget_type=\"heading.default\">\n\t\t\t\t<div class=\"elementor-widget-container\">\n\t\t\t\t\t<span class=\"elementor-heading-title elementor-size-xl\">O MNIE<\/span>\t\t\t\t<\/div>\n\t\t\t\t<\/div>\n\t\t\t\t\t<\/div>\n\t\t<\/div>\n\t\t\t\t\t<\/div>\n\t\t<\/section>\n\t\t\t\t<section class=\"elementor-section elementor-top-section elementor-element elementor-element-40177ae0 elementor-section-boxed elementor-section-height-default elementor-section-height-default\" data-id=\"40177ae0\" data-element_type=\"section\">\n\t\t\t\t\t\t<div class=\"elementor-container elementor-column-gap-no\">\n\t\t\t\t\t<div class=\"elementor-column elementor-col-50 elementor-top-column elementor-element elementor-element-2828f573\" data-id=\"2828f573\" data-element_type=\"column\">\n\t\t\t<div class=\"elementor-widget-wrap elementor-element-populated\">\n\t\t\t\t\t\t<div class=\"elementor-element elementor-element-44a833f elementor-widget elementor-widget-image\" data-id=\"44a833f\" data-element_type=\"widget\" data-widget_type=\"image.default\">\n\t\t\t\t<div class=\"elementor-widget-container\">\n\t\t\t\t\t\t\t\t\t\t\t\t\t\t\t<img fetchpriority=\"high\" decoding=\"async\" width=\"768\" height=\"1075\" src=\"https:\/\/vmaziarczyk.pl\/wp-content\/uploads\/2022\/03\/DSC_0077-3-768x1075.jpg\" class=\"attachment-medium_large size-medium_large wp-image-382\" alt=\"\" srcset=\"https:\/\/vmaziarczyk.pl\/wp-content\/uploads\/2022\/03\/DSC_0077-3-768x1075.jpg 768w, https:\/\/vmaziarczyk.pl\/wp-content\/uploads\/2022\/03\/DSC_0077-3-214x300.jpg 214w, https:\/\/vmaziarczyk.pl\/wp-content\/uploads\/2022\/03\/DSC_0077-3-731x1024.jpg 731w, https:\/\/vmaziarczyk.pl\/wp-content\/uploads\/2022\/03\/DSC_0077-3-1097x1536.jpg 1097w, https:\/\/vmaziarczyk.pl\/wp-content\/uploads\/2022\/03\/DSC_0077-3-1463x2048.jpg 1463w, https:\/\/vmaziarczyk.pl\/wp-content\/uploads\/2022\/03\/DSC_0077-3-scaled.jpg 1828w\" sizes=\"(max-width: 768px) 100vw, 768px\" \/>\t\t\t\t\t\t\t\t\t\t\t\t\t\t\t<\/div>\n\t\t\t\t<\/div>\n\t\t\t\t\t<\/div>\n\t\t<\/div>\n\t\t\t\t<div class=\"elementor-column elementor-col-50 elementor-top-column elementor-element elementor-element-48096891\" data-id=\"48096891\" data-element_type=\"column\">\n\t\t\t<div class=\"elementor-widget-wrap elementor-element-populated\">\n\t\t\t\t\t\t<div class=\"elementor-element elementor-element-e56ab06 elementor-widget elementor-widget-text-editor\" data-id=\"e56ab06\" data-element_type=\"widget\" data-widget_type=\"text-editor.default\">\n\t\t\t\t<div class=\"elementor-widget-container\">\n\t\t\t\t\t\t\t\t\t<div style=\"margin: 54px 0px 16px; padding: 0px; border: 0px; outline: 0px; vertical-align: baseline; background: transparent; pointer-events: none; overflow-wrap: break-word; min-height: var(--min-height); position: relative; left: 59px; grid-area: 1 \/ 1 \/ 2 \/ 2; place-self: start; width: 349px; height: auto; color: #000000; font-family: Arial, Helvetica, sans-serif; font-size: 10px;\" data-testid=\"richTextElement\">\n<h2 style=\"margin-bottom: 0px; background: transparent; pointer-events: auto; font-size: 30px; line-height: 1.4em;\"><span style=\"margin: 0px; padding: 0px; border: 0px; outline: 0px; vertical-align: baseline; background: transparent; letter-spacing: 0.1em;\">CZE\u015a\u0106<\/span><\/h2>\n<\/div>\n<p style=\"font-size: 14px; margin-bottom: 0px; background: transparent; pointer-events: auto; line-height: 1.5em; color: rgb(var(--color_14)); text-align: justify;\"><br>Kr\u00f3tko: aparat w d\u0142oni mam odk\u0105d pami\u0119tam. Zacz\u0119\u0142o si\u0119 niepozornie&nbsp;&#8211; od robienia zdj\u0119\u0107 do album\u00f3w rodzinnych, a p\u00f3\u017aniej przeobrazi\u0142o&nbsp;si\u0119 to w now\u0105 pasj\u0119.<br><br>Fotografia sprawia, \u017ce mog\u0119 kreowa\u0107 \u015bwiat w taki spos\u00f3b jaki zapragn\u0119. Dzi\u0119ki niej nauczy\u0142am si\u0119 jak by\u0107 bardziej wra\u017cliwym, kreatywnym oraz co najwa\u017cniejsze &#8211;&nbsp;szcz\u0119\u015bliwym. Dlatego te\u017c do ka\u017cdego nowego zadania wk\u0142adam ca\u0142e moje serce.<br><br>Swoje dodatkowe umiej\u0119tno\u015bci w sesjach zdoby\u0142am pracuj\u0105c i mieszkaj\u0105c p\u00f3\u0142 roku na Teneryfie. Odby\u0142am niezliczone warsztaty fotograficzne, w tym zdj\u0119cia uliczne z Fashion Week w Mediolanie pod okiem najlepszych fotograf\u00f3w. Uczestniczy\u0142am przez lata w r\u00f3\u017cnych wydarzeniach masowych, jak Off Camera czy Festiwal Zaczarowanej Piosenki Anny Dymnej.<\/p>\n<p style=\"font-size: 14px; margin-bottom: 0px; background: transparent; pointer-events: auto; line-height: 1.5em; color: rgb(var(--color_14));\"><span style=\"margin: 0px; padding: 0px; border: 0px; outline: 0px; vertical-align: baseline; background: transparent; letter-spacing: 0.05em;\">&nbsp;<\/span><\/p>\n<p style=\"font-size: 13px; margin-bottom: 0px; background: transparent; pointer-events: auto; line-height: 1.5em; color: rgb(var(--color_14)); text-align: center;\"><span style=\"margin: 0px; padding: 0px; border: 0px; outline: 0px; vertical-align: baseline; background: transparent; font-weight: bold;\"><span style=\"margin: 0px; padding: 0px; border: 0px; outline: 0px; vertical-align: baseline; background: transparent; letter-spacing: 0.05em;\">WYKSZTA\u0141CENIE<\/span><\/span><\/p>\n<p style=\"font-size: 13px; margin-bottom: 0px; background: transparent; pointer-events: auto; line-height: 1.5em; color: rgb(var(--color_14)); text-align: center;\"><span style=\"margin: 0px; padding: 0px; border: 0px; outline: 0px; vertical-align: baseline; background: transparent; font-weight: bold;\"><span style=\"margin: 0px; padding: 0px; border: 0px; outline: 0px; vertical-align: baseline; background: transparent; letter-spacing: 0.05em;\"><br><\/span><\/span><\/p>\n<ul style=\"font-size: 14px; margin-bottom: 0px; margin-left: 0.5em; padding-left: 1.3em; background: transparent; pointer-events: auto; line-height: normal; color: rgb(var(--color_14)); letter-spacing: 0em; text-align: justify;\">\n<li style=\"background: transparent; line-height: 1.5em;\">\n<p style=\"margin-bottom: 0px; background: transparent; font-size: 14px; line-height: 1.5em; color: rgb(var(--color_14));\"><span style=\"margin: 0px; padding: 0px; border: 0px; outline: 0px; vertical-align: baseline; background: transparent;\">Absolwentka&nbsp;Szko\u0142y Fotograficznej Fotoedukacja w Katowicach \u201cSpecjalista ds. fotografii klasycznej\u201d.<\/span><\/p>\n<\/li>\n<\/ul>\n<p style=\"font-size: 14px; margin-bottom: 0px; background: transparent; pointer-events: auto; line-height: 1.5em; color: rgb(var(--color_14)); text-align: justify;\"><span style=\"margin: 0px; padding: 0px; border: 0px; outline: 0px; vertical-align: baseline; background: transparent;\">&nbsp;<\/span><\/p>\n<p style=\"font-size: 14px; margin-bottom: 0px; background: transparent; pointer-events: auto; line-height: 1.5em; color: rgb(var(--color_14)); text-align: center;\"><span style=\"margin: 0px; padding: 0px; border: 0px; outline: 0px; vertical-align: baseline; background: transparent;\"><span style=\"margin: 0px; padding: 0px; border: 0px; outline: 0px; vertical-align: baseline; background: transparent; letter-spacing: 0em;\"><span style=\"margin: 0px; padding: 0px; border: 0px; outline: 0px; vertical-align: baseline; background: transparent; font-weight: bold;\">OSI\u0104GNI\u0118CIA<\/span><\/span><\/span><\/p>\n<ul style=\"font-size: 14px; margin-bottom: 0px; margin-left: 0.5em; padding-left: 1.3em; background: transparent; pointer-events: auto; line-height: normal; color: rgb(var(--color_14)); letter-spacing: 0em;\">\n<li style=\"background: transparent; line-height: 1.5em;\">\n<p style=\"margin-bottom: 0px; background: transparent; font-size: 14px; line-height: 1.5em; color: rgb(var(--color_14));\">Fotograf &#8222;TV &amp;&nbsp;WWW&#8221; na festiwalu Off Camera<\/p>\n<\/li>\n<li style=\"background: transparent; line-height: 1.5em;\">\n<p style=\"margin-bottom: 0px; background: transparent; font-size: 14px; line-height: 1.5em; color: rgb(var(--color_14));\">Pierwsza wystawa fotograficzna&nbsp;\u201cDyplomy\u201d Szko\u0142y Fotografii Fotoedukacja<\/p>\n<\/li>\n<\/ul>\n<div><br><\/div>\n<p style=\"font-size: 14px; margin-bottom: 0px; background: transparent; pointer-events: auto; line-height: 1.5em; color: rgb(var(--color_14)); text-align: justify;\">\n<\/p>\t\t\t\t\t\t\t\t<\/div>\n\t\t\t\t<\/div>\n\t\t\t\t\t<\/div>\n\t\t<\/div>\n\t\t\t\t\t<\/div>\n\t\t<\/section>\n\t\t\t\t<section class=\"elementor-section elementor-top-section elementor-element elementor-element-b9334a7 elementor-section-boxed elementor-section-height-default elementor-section-height-default\" data-id=\"b9334a7\" data-element_type=\"section\" data-settings=\"{&quot;background_background&quot;:&quot;classic&quot;}\">\n\t\t\t\t\t\t\t<div class=\"elementor-background-overlay\"><\/div>\n\t\t\t\t\t\t\t<div class=\"elementor-container elementor-column-gap-no\">\n\t\t\t\t\t<div class=\"elementor-column elementor-col-100 elementor-top-column elementor-element elementor-element-9f5b264\" data-id=\"9f5b264\" data-element_type=\"column\">\n\t\t\t<div class=\"elementor-widget-wrap elementor-element-populated\">\n\t\t\t\t\t\t<div class=\"elementor-element elementor-element-a6bda95 elementor-widget elementor-widget-heading\" data-id=\"a6bda95\" data-element_type=\"widget\" data-widget_type=\"heading.default\">\n\t\t\t\t<div class=\"elementor-widget-container\">\n\t\t\t\t\t<span class=\"elementor-heading-title elementor-size-xl\">SKONTAKTUJ SI\u0118 ZE MN\u0104<\/span>\t\t\t\t<\/div>\n\t\t\t\t<\/div>\n\t\t\t\t<div class=\"elementor-element elementor-element-07b407b elementor-align-center elementor-widget elementor-widget-button\" data-id=\"07b407b\" data-element_type=\"widget\" data-widget_type=\"button.default\">\n\t\t\t\t<div class=\"elementor-widget-container\">\n\t\t\t\t\t\t\t\t\t<div class=\"elementor-button-wrapper\">\n\t\t\t\t\t<a class=\"elementor-button elementor-button-link elementor-size-lg\" href=\"https:\/\/vmaziarczyk.pl\/?page_id=33\">\n\t\t\t\t\t\t<span class=\"elementor-button-content-wrapper\">\n\t\t\t\t\t\t\t\t\t<span class=\"elementor-button-text\">Kontakt<\/span>\n\t\t\t\t\t<\/span>\n\t\t\t\t\t<\/a>\n\t\t\t\t<\/div>\n\t\t\t\t\t\t\t\t<\/div>\n\t\t\t\t<\/div>\n\t\t\t\t\t<\/div>\n\t\t<\/div>\n\t\t\t\t\t<\/div>\n\t\t<\/section>\n\t\t\t\t<\/div>\n\t\t","protected":false},"excerpt":{"rendered":"<p>O MNIE CZE\u015a\u0106 Kr\u00f3tko: aparat w d\u0142oni mam odk\u0105d pami\u0119tam. Zacz\u0119\u0142o si\u0119 niepozornie&nbsp;&#8211; od robienia zdj\u0119\u0107 do album\u00f3w rodzinnych, a p\u00f3\u017aniej przeobrazi\u0142o&nbsp;si\u0119 to w now\u0105 pasj\u0119. Fotografia sprawia, \u017ce mog\u0119 kreowa\u0107 \u015bwiat w taki spos\u00f3b jaki zapragn\u0119. Dzi\u0119ki niej nauczy\u0142am si\u0119 jak by\u0107 bardziej wra\u017cliwym, kreatywnym oraz co najwa\u017cniejsze &#8211;&nbsp;szcz\u0119\u015bliwym. Dlatego te\u017c do ka\u017cdego nowego [&hellip;]<\/p>\n","protected":false},"author":1,"featured_media":0,"parent":0,"menu_order":0,"comment_status":"closed","ping_status":"closed","template":"","meta":{"site-sidebar-layout":"no-sidebar","site-content-layout":"page-builder","ast-site-content-layout":"full-width-container","site-content-style":"unboxed","site-sidebar-style":"unboxed","ast-global-header-display":"","ast-banner-title-visibility":"","ast-main-header-display":"","ast-hfb-above-header-display":"","ast-hfb-below-header-display":"","ast-hfb-mobile-header-display":"","site-post-title":"disabled","ast-breadcrumbs-content":"","ast-featured-img":"","footer-sml-layout":"","theme-transparent-header-meta":"enabled","adv-header-id-meta":"","stick-header-meta":"","header-above-stick-meta":"","header-main-stick-meta":"","header-below-stick-meta":"","astra-migrate-meta-layouts":"set","ast-page-background-enabled":"default","ast-page-background-meta":{"desktop":{"background-color":"","background-image":"","background-repeat":"repeat","background-position":"center center","background-size":"auto","background-attachment":"scroll","background-type":"","background-media":"","overlay-type":"","overlay-color":"","overlay-opacity":"","overlay-gradient":""},"tablet":{"background-color":"","background-image":"","background-repeat":"repeat","background-position":"center center","background-size":"auto","background-attachment":"scroll","background-type":"","background-media":"","overlay-type":"","overlay-color":"","overlay-opacity":"","overlay-gradient":""},"mobile":{"background-color":"","background-image":"","background-repeat":"repeat","background-position":"center center","background-size":"auto","background-attachment":"scroll","background-type":"","background-media":"","overlay-type":"","overlay-color":"","overlay-opacity":"","overlay-gradient":""}},"ast-content-background-meta":{"desktop":{"background-color":"var(--ast-global-color-5)","background-image":"","background-repeat":"repeat","background-position":"center center","background-size":"auto","background-attachment":"scroll","background-type":"","background-media":"","overlay-type":"","overlay-color":"","overlay-opacity":"","overlay-gradient":""},"tablet":{"background-color":"var(--ast-global-color-5)","background-image":"","background-repeat":"repeat","background-position":"center center","background-size":"auto","background-attachment":"scroll","background-type":"","background-media":"","overlay-type":"","overlay-color":"","overlay-opacity":"","overlay-gradient":""},"mobile":{"background-color":"var(--ast-global-color-5)","background-image":"","background-repeat":"repeat","background-position":"center center","background-size":"auto","background-attachment":"scroll","background-type":"","background-media":"","overlay-type":"","overlay-color":"","overlay-opacity":"","overlay-gradient":""}},"footnotes":""},"class_list":["post-31","page","type-page","status-publish","hentry"],"_links":{"self":[{"href":"https:\/\/vmaziarczyk.pl\/index.php?rest_route=\/wp\/v2\/pages\/31","targetHints":{"allow":["GET"]}}],"collection":[{"href":"https:\/\/vmaziarczyk.pl\/index.php?rest_route=\/wp\/v2\/pages"}],"about":[{"href":"https:\/\/vmaziarczyk.pl\/index.php?rest_route=\/wp\/v2\/types\/page"}],"author":[{"embeddable":true,"href":"https:\/\/vmaziarczyk.pl\/index.php?rest_route=\/wp\/v2\/users\/1"}],"replies":[{"embeddable":true,"href":"https:\/\/vmaziarczyk.pl\/index.php?rest_route=%2Fwp%2Fv2%2Fcomments&post=31"}],"version-history":[{"count":56,"href":"https:\/\/vmaziarczyk.pl\/index.php?rest_route=\/wp\/v2\/pages\/31\/revisions"}],"predecessor-version":[{"id":1003,"href":"https:\/\/vmaziarczyk.pl\/index.php?rest_route=\/wp\/v2\/pages\/31\/revisions\/1003"}],"wp:attachment":[{"href":"https:\/\/vmaziarczyk.pl\/index.php?rest_route=%2Fwp%2Fv2%2Fmedia&parent=31"}],"curies":[{"name":"wp","href":"https:\/\/api.w.org\/{rel}","templated":true}]}}